{"id":1759,"date":"2020-07-08T02:44:40","date_gmt":"2020-07-08T02:44:40","guid":{"rendered":"https:\/\/goonwardticket.com\/?page_id=1759"},"modified":"2022-05-18T01:36:09","modified_gmt":"2022-05-18T01:36:09","slug":"faq","status":"publish","type":"page","link":"https:\/\/onwardticketvisa.com\/es\/faq\/","title":{"rendered":"FAQ"},"content":{"rendered":"<h6 class=\"font_0\"><span class=\"color_35\"><a href=\"https:\/\/onwardticketvisa.com\/es\/\">Onward Ticket Visa<\/a> : Verifiable Reservations, <\/span><span class=\"color_35\">Pagos Seguros <\/span><span class=\"color_35\">Global Service, <\/span><span class=\"color_35\">Customer Satisfaction.<\/span><\/h6>\n<p><strong><span style=\"color: #000000;\">\u00bfPor qu\u00e9 elegirnos?<\/span>\u00a0<\/strong><\/p>\n<p>\u00bfNecesitas un boleto v\u00e1lido para entrar a un pa\u00eds y abordar una avi\u00f3n? S\u00ed, los boletos posteriores son v\u00e1lidos.<\/p>\n<p>Somos los mejores en el negocio, y brindamos servicios verificables a un precio competitivo. Brindamos servicios a todos los pa\u00edses del mundo.<\/p>\n<ul>\n<li><span class=\"elementor-icon-list-text\">Itinerarios Verificables desde el Sitio web de la Aerol\u00ednea<\/span><\/li>\n<li><span class=\"elementor-icon-list-text\">Precios Asequibles en Comparaci\u00f3n con los Competidores <\/span><\/li>\n<li><span class=\"elementor-icon-list-text\">24\/7\/365 Customer Premium Support via Live Chat, Email<\/span><\/li>\n<li><span class=\"elementor-icon-list-text\">Hacer la Compra es Simple<\/span><\/li>\n<li>Entrega R\u00e1pida por Email<\/li>\n<li><span class=\"elementor-icon-list-text\">PayPal + SSL (Sitio Web Seguro)<\/span><\/li>\n<li>Nuestro servicio es avalado y reconocido por miles de viajeros satisfechos cada a\u00f1o.<\/li>\n<li>\u00bfNecesitas ayuda? En caso de que tengas alguna duda o necesites ayuda, por favor cont\u00e1ctate con nosotros.<\/li>\n<\/ul>\n<p>Las embajadas no recomiendan comprar boletos ni reservar hoteles antes de la aprobaci\u00f3n de la visa. Ahorra dinero, tiempo y esfuerzo comprando un itinerario de viaje en Onward Ticket Visa .<\/p>\n<p><strong><span style=\"color: #000000;\">0. \u00bfC\u00f3mo pagar ?<\/span>\u00a0<\/strong><\/p>\n<ul>\n<li>Puedes pagar desde tu cuenta de \u00a0<span style=\"color: #000000;\"><strong>PayPal para que el pago<\/strong><\/span> sea procesado de forma segura.<\/li>\n<li>Puedes utilizar cualquier <strong><span style=\"color: #000000;\">tarjeta de cr\u00e9dito\/d\u00e9bito.<\/span>\u00a0\u00a0<\/strong><\/li>\n<\/ul>\n<p><img loading=\"lazy\" class=\"alignnone wp-image-5433 size-medium\" src=\"https:\/\/onwardticketvisa.com\/wp-content\/uploads\/2020\/09\/payment-198x300.png\" alt=\"onward ticket visa payment 1 \" width=\"198\" height=\"300\" srcset=\"https:\/\/onwardticketvisa.com\/wp-content\/uploads\/2020\/09\/payment-198x300.png 198w, https:\/\/onwardticketvisa.com\/wp-content\/uploads\/2020\/09\/payment-500x758.png 500w, https:\/\/onwardticketvisa.com\/wp-content\/uploads\/2020\/09\/payment.png 526w\" sizes=\"(max-width: 198px) 100vw, 198px\" \/><img loading=\"lazy\" class=\"alignnone wp-image-5434 size-medium\" src=\"https:\/\/onwardticketvisa.com\/wp-content\/uploads\/2020\/09\/payment-debit-credit-218x300.png\" alt=\"onward ticket visa payment 2\" width=\"218\" height=\"300\" srcset=\"https:\/\/onwardticketvisa.com\/wp-content\/uploads\/2020\/09\/payment-debit-credit-218x300.png 218w, https:\/\/onwardticketvisa.com\/wp-content\/uploads\/2020\/09\/payment-debit-credit-744x1024.png 744w, https:\/\/onwardticketvisa.com\/wp-content\/uploads\/2020\/09\/payment-debit-credit-768x1057.png 768w, https:\/\/onwardticketvisa.com\/wp-content\/uploads\/2020\/09\/payment-debit-credit-500x688.png 500w, https:\/\/onwardticketvisa.com\/wp-content\/uploads\/2020\/09\/payment-debit-credit.png 848w\" sizes=\"(max-width: 218px) 100vw, 218px\" \/><\/p>\n<p><span style=\"color: #000000;\"><strong>No tengo cuenta de PayPal. \u00bfPuedo pagar utilizando una tarjeta de cr\u00e9dito o de d\u00e9bito?<\/strong><\/span><\/p>\n<p>No necesitas una cuenta de PayPal para realizar la orden. Haz clic en la opci\u00f3n de \u201cPago con Tarjeta de Cr\u00e9dito o D\u00e9bito\u201d en la parte inferior de la p\u00e1gina e ingresa los detalles de tu tarjeta de cr\u00e9dito o d\u00e9bito.<\/p>\n<p><span style=\"color: #000000;\"><strong>1.\u00bfQu\u00e9 es un Boleto Posterior ?\u00a0<\/strong><\/span><\/p>\n<p>Un Boleto Posterior (Vuelo Posterior) es \u00fatil para la solicitud de visado si quieres ingresar a un pa\u00eds sin comprar un vuelo de regreso.<\/p>\n<p><span style=\"color: #000000;\"><strong>Para solicitud de visa<\/strong><\/span><\/p>\n<p>No es obligatorio comprar boletos de avi\u00f3n para aplicar para una visa. La mayor\u00eda de los pa\u00edses aceptan reservas de vuelo.<\/p>\n<p><span style=\"color: #000000;\"><strong>\u00bfQu\u00e9 es un Boleto de Avi\u00f3n?\u00a0<\/strong><\/span><\/p>\n<p>Un Boleto de Avi\u00f3n es un boleto de una aerol\u00ednea, comprador por el solicitante de una agencia de viaje o empresa a\u00e9rea. puede ser un documento electr\u00f3nico o un documento impreso en papel.<\/p>\n<p>Un boleto de vuelo real que ilustra claramente que el itinerante tiene un asiento reservado en un avi\u00f3n que despega hacia el pa\u00eds anfitri\u00f3n.<\/p>\n<p>Sin embargo, todas las embajadas y consulados recomiendas a los solicitantes de la visa que no compren un boleto de avi\u00f3n antes de obtener el resultado de su solicitud.<\/p>\n<p>Recomendamos comprar un itinerario de vuelos de ida y vuelta, en lugar de comprar un boleto real para la solicitud de visa. En el caso de la negaci\u00f3n de la visa, el solicitante puede perder el dinero ahorrado que haya gastado en la compra de un boleto.<\/p>\n<p>Sin embargo, hay algunas embajadas y algunos consulados que pueden demandar un boleto de avi\u00f3n real junto con la solicitud de visado (si esa fuera una necesidad). Lo hacen para asegurarse que el aplicante visite el pa\u00eds de destino especificado.<\/p>\n<p><span style=\"color: #000000;\"><strong>2. \u00bfQu\u00e9 recibo ?<\/strong><\/span><\/p>\n<p>Luego del pago, se realiza una reserva autom\u00e1tica a nuestra agencia. Puedes mostrar el pdf que recibir\u00e1s en el mostrador.<\/p>\n<p><span style=\"color: #000000;\"><strong>3.  Pol\u00edtica de Reembolso<\/strong><\/span><\/p>\n<p>Se ha realizado una compra con \u00e9xito, pero tu boleto no lleg\u00f3 dentro de las 12 horas de haber realizado tu orden (dado que tu pedido haya sido realizado dentro del horario laboral: 9AM \u201311 PM GMT+7).<\/p>\n<p>Tu compra en el onwardticketvisa.com viene con una <span style=\"color: #000000;\"><strong>garant\u00eda del 100% de devoluci\u00f3n de dinero.<\/strong><\/span><\/p>\n<p>El reembolso no aplica para la cancelaci\u00f3n de las compras.<\/p>\n<p><span style=\"color: #000000;\"><strong>4. \u00bfCu\u00e1nto tiempo tienen validez los boletos antes de que se cancelen?<\/strong><\/span><\/p>\n<p>Nuestras reservas de vuelo son v\u00e1lidas por 48 horas \u2013 hasta 7 d\u00edas.<\/p>\n<p><span style=\"color: #000000;\"><strong> 5. \u00bfQu\u00e9 sucede si el personal del check-in revisa el n\u00famero de vuelo?<\/strong><\/span><\/p>\n<p>Si el personal revisa tu PNR, encontrar\u00e1n la reserva en su sistema. Tambi\u00e9n pueden revisar tu boleto posterior en los sitios web de la aerol\u00ednea.<\/p>\n<p>Algunos sistemas de las aerol\u00edneas no muestran reservas externas hechas con GDS. En algunos casos puedes utilizar sitios de verificaci\u00f3n como Travelport ViewTrip, Tripcase.com<\/p>\n<p><span style=\"color: #000000;\"><strong>\u00bfC\u00f3mo verificar reservas de vuelo para solicitudes de visado?<\/strong><\/span><\/p>\n<p>Una vez que se adquiere el Itinerario de Vuelo para la solicitud de Visado, se puede verificar f\u00e1cilmente a trav\u00e9s de c\u00f3digos de reserva \u00fanicos tambi\u00e9n conocidos como PNR, c\u00f3digo de confirmaci\u00f3n o n\u00famero de reserva. A continuaci\u00f3n mostraremos la gu\u00eda paso a paso para el proceso de verificaci\u00f3n del Itinerario del Vuelo:<br \/>\n<strong>\u00a0 <\/strong><\/p>\n<p><span style=\"color: #000000;\"><strong>Paso 1<\/strong><\/span><\/p>\n<ul>\n<li>Puedes ingresar al sitio web oficial de la aerol\u00ednea<\/li>\n<li>Ingresa tu (viajero) apellido,<\/li>\n<li>Ingresa los seis d\u00edgitos alfab\u00e9ticos o alfanum\u00e9ricos del PNR o C\u00f3digo de Reserva.<\/li>\n<li>Haz Clic en el bot\u00f3n de Enviar\/Encontrar Reserva.<\/li>\n<\/ul>\n<p><strong>\u00a0<span style=\"color: #000000;\">Paso 2<\/span><\/strong><\/p>\n<p>Una vez que el paso 1 est\u00e9 completado, el sitio web oficial de la aerol\u00ednea abrir\u00e1 una ventana presentando la informaci\u00f3n sobre la ruta propuesta, el nombre de vuelo, el horario y las fechas de partida\/llegada, el C\u00f3digo de vuelo, los c\u00f3digos IATA de los aeropuertos de partida\/llegada.<\/p>\n<p><span style=\"color: #000000;\"><strong>\u00bfPuedo Convertir la Reserva de Vuelo en un Boleto de Vuelo Real?<\/strong><\/span><\/p>\n<p>Si la aplicaci\u00f3n de tu visa es aprobada por la embajada o el consulado correspondiente, puedes contactarnos a trav\u00e9s del Live Chat para convertir tu itinerario de vuelo o tu reserve de boleto de vuelo en un boleto real.<\/p>\n<p><span style=\"color: #000000;\"><strong>6.\u00bfPuedo usar mi boleto posterior para volar?<\/strong><\/span><\/p>\n<p>No, los boletos que creamos son para mostrarle al personal del check-in staff que te piden un boleto posterior.<\/p>\n<p>&nbsp;<\/p>\n<p><span style=\"color: #000000;\"><strong>7. \u00bfDebo cancelar el vuelo?<\/strong><\/span><\/p>\n<p>La cancelaci\u00f3n es GRATIS. No tienes que hacer nada. Ser\u00e1 autom\u00e1ticamente cancelado por nosotros.<\/p>\n<p><span style=\"color: #000000;\"><strong>8. \u00bfPor qu\u00e9 no usan el pa\u00eds de llegada que solicit\u00e9?<\/strong><\/span><\/p>\n<p>Hay veces que no podemos encontrar un vuelo disponible para la ruta que solicitaste con nuestras aerol\u00edneas, o el boleto es muy caro para que nosotros lo paguemos. en ese caso cambiaremos el destino de tu boleto. Por ejemplo, si has solicitado un boleto de Tailandia a Inglaterra y nuestras aerol\u00edneas no trabajan con esa ruta, reservaremos un boleto de Tailandia a Jap\u00f3n, y seguir\u00e1 siendo una prueba v\u00e1lida de viaje futuro. Por favor cont\u00e1ctanos por adelantado si el destino de tu boleto no es el correcto.<\/p>\n<p><span style=\"color: #000000;\"><strong>9. \u00bfCu\u00e1nto tardar\u00e1 en realizarse mi reserva ?<\/strong><\/span><\/p>\n<p>Podemos entregar las reservas de nuestros clientes entre los primeros 5-30 minutos (o 2-5 horas \u2013 fuera del horario laboral) de haber realizado el pedido. Si la reserve se retrasa por alguna raz\u00f3n, haremos lo posible por solucionarlo.<\/p>\n<p><span style=\"color: #000000;\"><strong>10. \u00bfSe requiere la reserva del vuelo para solicitar la visa?<\/strong><\/span><\/p>\n<p>S\u00ed, las reservas de los vuelos son necesarias para la mayor\u00eda de las visas turista, como por ejemplo la visa Schengen. Por favor revisa el sitio web de la embajada correspondiente para verificar esta informaci\u00f3n.<\/p>\n<p><span style=\"color: #000000;\"><strong>A tener en cuenta:<\/strong> <\/span>Estas son reservas de vuelos, no son boletos reales. Los viajeros tendr\u00e1n que comprar los boletos por separado \u2013 preferentemente una vez que la aplicaci\u00f3n para la visa haya sido aprobada \u2013 como lo recomiendan las embajadas y los consulados.<\/p>\n<p><span style=\"color: #000000;\"><strong>11.\u00bfSe Acepta el Itinerario de Vuelo Impreso ?<\/strong><\/span><\/p>\n<p>S\u00ed. El proceso de presentar un itinerario de vuelo impreso es 100% legal y aceptable en las embajadas y en los consulados. Adem\u00e1s los empleados diplom\u00e1ticos est\u00e1n al tanto del proceso citado y aceptan las impresiones como un Itinerario de Vuelo verificable.<\/p>\n<p>Este proceso es llevado a cabo por cientos de miles de viajeros felices por todo el mundo.<\/p>\n<p>Incluso el consulado de visas de la Uni\u00f3n Europea advierte a quienes solicitan una visa Schengen que no compren boletos reales, sino \u00fanicamente el itinerario de viaje y la reserva del hotel. Sin embargo, hay otros que s\u00ed solicitan que se realice la compra del boleto y se presente al momento de retirar la visa, como \u00faltima condici\u00f3n para obtenerla.<\/p>\n<p><span style=\"color: #000000;\"><strong>12.  \u00bfSu sitio web es seguro?<\/strong><\/span><\/p>\n<p>S\u00ed, nuestro sitio web es Seguro.Sigue un protocolo HTTPS, <strong>verificado porLet\u2019s Encrypt<\/strong> Toda la informaci\u00f3n que proviene de y va hacia https:\/\/www.conwardticketvisa .com\/ <strong>est\u00e1 cifrada.<\/strong><\/p>\n<p>&nbsp;<\/p>\n<p>Por favor, desactiva las extensiones:\u00a0 <strong>McAfee\u00ae WebAdvisor\u00a0 , uBlock Origin<\/strong> ., de tu navegador para poder enlazarlo con PayPal.<\/p>\n<p>Brindamos servicios para todos los pa\u00edses del mundo. Cont\u00e1ctanos a trav\u00e9s de:\u00a0<strong>onwardticketvisa@gmail.com<\/strong> . \u00a1Estaremos contentos de poder ayudarte!<\/p>\n<p>&nbsp;<\/p>\n<p style=\"text-align: center;\"><a href=\"htpps:\/\/onwardticketvisa.com\"><strong>Onwardticketvisa.com\u00a0<\/strong><\/a><\/p>\n<blockquote><p><a href=\"https:\/\/onwardticketvisa.com\/es\/\">Pagina De Inicio<\/a><\/p><\/blockquote>","protected":false},"excerpt":{"rendered":"<p>Onward Ticket Visa : Verifiable Reservations, Secure Payments , Global Service, Customer Satisfaction. Why choose us?\u00a0 Do you need a valid ticket for entering a country and boarding your plane? Yes, onward tickets is valid. Being the best in the business, we provide verifiable services at market competitive prices. We do provide services for all &#8230;<\/p>","protected":false},"author":1,"featured_media":0,"parent":0,"menu_order":0,"comment_status":"closed","ping_status":"closed","template":"","meta":[],"yoast_head":"<!-- This site is optimized with the Yoast SEO plugin v16.7 - https:\/\/yoast.com\/wordpress\/plugins\/seo\/ -->\n<title>FAQ - Onward Ticket Visa - Rent An Onward Ticket In 5 Minutes,Valid up to 7 days<\/title>\n<meta name=\"robots\" content=\"index, follow, max-snippet:-1, max-image-preview:large, max-video-preview:-1\" \/>\n<link rel=\"canonical\" href=\"https:\/\/onwardticketvisa.com\/es\/faq\/\" \/>\n<meta property=\"og:locale\" content=\"es_ES\" \/>\n<meta property=\"og:type\" content=\"article\" \/>\n<meta property=\"og:title\" content=\"FAQ - Onward Ticket Visa - Rent An Onward Ticket In 5 Minutes,Valid up to 7 days\" \/>\n<meta property=\"og:description\" content=\"Onward Ticket Visa : Verifiable Reservations, Secure Payments , Global Service, Customer Satisfaction. Why choose us?\u00a0 Do you need a valid ticket for entering a country and boarding your plane? Yes, onward tickets is valid. Being the best in the business, we provide verifiable services at market competitive prices. We do provide services for all ...\" \/>\n<meta property=\"og:url\" content=\"https:\/\/onwardticketvisa.com\/es\/faq\/\" \/>\n<meta property=\"og:site_name\" content=\"Onward Ticket Visa - Rent An Onward Ticket In 5 Minutes,Valid up to 7 days\" \/>\n<meta property=\"article:modified_time\" content=\"2022-05-18T01:36:09+00:00\" \/>\n<meta property=\"og:image\" content=\"https:\/\/onwardticketvisa.com\/wp-content\/uploads\/2020\/09\/payment-198x300.png\" \/>\n<meta name=\"twitter:card\" content=\"summary_large_image\" \/>\n<meta name=\"twitter:label1\" content=\"Tiempo de lectura\" \/>\n\t<meta name=\"twitter:data1\" content=\"6 minutos\" \/>\n<script type=\"application\/ld+json\" class=\"yoast-schema-graph\">{\"@context\":\"https:\/\/schema.org\",\"@graph\":[{\"@type\":\"WebSite\",\"@id\":\"https:\/\/onwardticketvisa.com\/#website\",\"url\":\"https:\/\/onwardticketvisa.com\/\",\"name\":\"Onward Ticket Visa - Rent An Onward Ticket In 5 Minutes,Valid up to 7 days\",\"description\":\"\",\"potentialAction\":[{\"@type\":\"SearchAction\",\"target\":{\"@type\":\"EntryPoint\",\"urlTemplate\":\"https:\/\/onwardticketvisa.com\/?s={search_term_string}\"},\"query-input\":\"required name=search_term_string\"}],\"inLanguage\":\"es\"},{\"@type\":\"ImageObject\",\"@id\":\"https:\/\/onwardticketvisa.com\/faq\/#primaryimage\",\"inLanguage\":\"es\",\"url\":\"https:\/\/onwardticketvisa.com\/wp-content\/uploads\/2020\/09\/payment.png\",\"contentUrl\":\"https:\/\/onwardticketvisa.com\/wp-content\/uploads\/2020\/09\/payment.png\",\"width\":526,\"height\":797,\"caption\":\"onward ticket visa payment 1\"},{\"@type\":\"WebPage\",\"@id\":\"https:\/\/onwardticketvisa.com\/faq\/#webpage\",\"url\":\"https:\/\/onwardticketvisa.com\/faq\/\",\"name\":\"FAQ - Onward Ticket Visa - Rent An Onward Ticket In 5 Minutes,Valid up to 7 days\",\"isPartOf\":{\"@id\":\"https:\/\/onwardticketvisa.com\/#website\"},\"primaryImageOfPage\":{\"@id\":\"https:\/\/onwardticketvisa.com\/faq\/#primaryimage\"},\"datePublished\":\"2020-07-08T02:44:40+00:00\",\"dateModified\":\"2022-05-18T01:36:09+00:00\",\"breadcrumb\":{\"@id\":\"https:\/\/onwardticketvisa.com\/faq\/#breadcrumb\"},\"inLanguage\":\"es\",\"potentialAction\":[{\"@type\":\"ReadAction\",\"target\":[\"https:\/\/onwardticketvisa.com\/faq\/\"]}]},{\"@type\":\"BreadcrumbList\",\"@id\":\"https:\/\/onwardticketvisa.com\/faq\/#breadcrumb\",\"itemListElement\":[{\"@type\":\"ListItem\",\"position\":1,\"name\":\"Home\",\"item\":\"https:\/\/onwardticketvisa.com\/\"},{\"@type\":\"ListItem\",\"position\":2,\"name\":\"FAQ\"}]}]}<\/script>\n<!-- \/ Yoast SEO plugin. -->","yoast_head_json":{"title":"FAQ - Onward Ticket Visa - Rent An Onward Ticket In 5 Minutes,Valid up to 7 days","robots":{"index":"index","follow":"follow","max-snippet":"max-snippet:-1","max-image-preview":"max-image-preview:large","max-video-preview":"max-video-preview:-1"},"canonical":"https:\/\/onwardticketvisa.com\/es\/faq\/","og_locale":"es_ES","og_type":"article","og_title":"FAQ - Onward Ticket Visa - Rent An Onward Ticket In 5 Minutes,Valid up to 7 days","og_description":"Onward Ticket Visa : Verifiable Reservations, Secure Payments , Global Service, Customer Satisfaction. Why choose us?\u00a0 Do you need a valid ticket for entering a country and boarding your plane? Yes, onward tickets is valid. Being the best in the business, we provide verifiable services at market competitive prices. We do provide services for all ...","og_url":"https:\/\/onwardticketvisa.com\/es\/faq\/","og_site_name":"Onward Ticket Visa - Rent An Onward Ticket In 5 Minutes,Valid up to 7 days","article_modified_time":"2022-05-18T01:36:09+00:00","og_image":[{"url":"https:\/\/onwardticketvisa.com\/wp-content\/uploads\/2020\/09\/payment-198x300.png"}],"twitter_card":"summary_large_image","twitter_misc":{"Tiempo de lectura":"6 minutos"},"schema":{"@context":"https:\/\/schema.org","@graph":[{"@type":"WebSite","@id":"https:\/\/onwardticketvisa.com\/#website","url":"https:\/\/onwardticketvisa.com\/","name":"Onward Ticket Visa - Rent An Onward Ticket In 5 Minutes,Valid up to 7 days","description":"","potentialAction":[{"@type":"SearchAction","target":{"@type":"EntryPoint","urlTemplate":"https:\/\/onwardticketvisa.com\/?s={search_term_string}"},"query-input":"required name=search_term_string"}],"inLanguage":"es"},{"@type":"ImageObject","@id":"https:\/\/onwardticketvisa.com\/faq\/#primaryimage","inLanguage":"es","url":"https:\/\/onwardticketvisa.com\/wp-content\/uploads\/2020\/09\/payment.png","contentUrl":"https:\/\/onwardticketvisa.com\/wp-content\/uploads\/2020\/09\/payment.png","width":526,"height":797,"caption":"onward ticket visa payment 1"},{"@type":"WebPage","@id":"https:\/\/onwardticketvisa.com\/faq\/#webpage","url":"https:\/\/onwardticketvisa.com\/faq\/","name":"FAQ - Onward Ticket Visa - Rent An Onward Ticket In 5 Minutes,Valid up to 7 days","isPartOf":{"@id":"https:\/\/onwardticketvisa.com\/#website"},"primaryImageOfPage":{"@id":"https:\/\/onwardticketvisa.com\/faq\/#primaryimage"},"datePublished":"2020-07-08T02:44:40+00:00","dateModified":"2022-05-18T01:36:09+00:00","breadcrumb":{"@id":"https:\/\/onwardticketvisa.com\/faq\/#breadcrumb"},"inLanguage":"es","potentialAction":[{"@type":"ReadAction","target":["https:\/\/onwardticketvisa.com\/faq\/"]}]},{"@type":"BreadcrumbList","@id":"https:\/\/onwardticketvisa.com\/faq\/#breadcrumb","itemListElement":[{"@type":"ListItem","position":1,"name":"Home","item":"https:\/\/onwardticketvisa.com\/"},{"@type":"ListItem","position":2,"name":"FAQ"}]}]}},"_links":{"self":[{"href":"https:\/\/onwardticketvisa.com\/es\/wp-json\/wp\/v2\/pages\/1759"}],"collection":[{"href":"https:\/\/onwardticketvisa.com\/es\/wp-json\/wp\/v2\/pages"}],"about":[{"href":"https:\/\/onwardticketvisa.com\/es\/wp-json\/wp\/v2\/types\/page"}],"author":[{"embeddable":true,"href":"https:\/\/onwardticketvisa.com\/es\/wp-json\/wp\/v2\/users\/1"}],"replies":[{"embeddable":true,"href":"https:\/\/onwardticketvisa.com\/es\/wp-json\/wp\/v2\/comments?post=1759"}],"version-history":[{"count":27,"href":"https:\/\/onwardticketvisa.com\/es\/wp-json\/wp\/v2\/pages\/1759\/revisions"}],"predecessor-version":[{"id":5881,"href":"https:\/\/onwardticketvisa.com\/es\/wp-json\/wp\/v2\/pages\/1759\/revisions\/5881"}],"wp:attachment":[{"href":"https:\/\/onwardticketvisa.com\/es\/wp-json\/wp\/v2\/media?parent=1759"}],"curies":[{"name":"wp","href":"https:\/\/api.w.org\/{rel}","templated":true}]}}